{"id":3705,"date":"2024-07-08T09:19:39","date_gmt":"2024-07-08T09:19:39","guid":{"rendered":"https:\/\/tmfurnitures.com\/product\/heaven\/"},"modified":"2025-01-22T08:35:22","modified_gmt":"2025-01-22T08:35:22","slug":"heaven","status":"publish","type":"product","link":"https:\/\/tmfurnitures.com\/ar\/product\/heaven\/","title":{"rendered":"\u0635\u0648\u0641\u0627 3+3+1+1"},"content":{"rendered":"<p><\/p>\n","protected":false},"excerpt":{"rendered":"<p><strong>\u0627\u0644\u0644\u0648\u0646 <\/strong> \u0628\u064a\u062c<\/p>\n<p><strong>\u0627\u0644\u0648\u0635\u0641 <\/strong> \u062b\u0644\u0627\u062b\u0629 \u0645\u0642\u0627\u0639\u062f- 232 \u00d7 100 \u00d7 81 \u0633\u0645\u061b \u0645\u0642\u0639\u062f \u0648\u0627\u062d\u062f- 86 \u00d7 86 \u00d7 86 \u00d7 85 \u0633\u0645<\/p>\n<p><strong>\u0636\u0645\u0627\u0646 <\/strong> \u0646\u0639\u0645<\/p>\n<p><strong>\u0627\u0644\u062a\u062c\u0645\u064a\u0639 \u0645\u062a\u0648\u0641\u0631<\/strong> \u0646\u0639\u0645<\/p>\n<p><strong>\u0627\u0644\u062e\u0627\u0645\u0629\/ \u0627\u0644\u0642\u0645\u0627\u0634<\/strong> \u062e\u0627\u0645\u0629 \u0639\u0627\u0644\u064a\u0629 \u0627\u0644\u062c\u0648\u062f\u0629<\/p>\n<p><strong>\u0628\u0644\u062f \u0627\u0644\u0645\u0646\u0634\u0623<\/strong> \u062a\u0631\u0643\u064a\u0627<\/p>\n","protected":false},"featured_media":3023,"comment_status":"open","ping_status":"closed","template":"","meta":{"inline_featured_image":false},"product_brand":[],"product_cat":[117,113],"product_tag":[],"class_list":{"0":"post-3705","1":"product","2":"type-product","3":"status-publish","4":"has-post-thumbnail","6":"product_cat-sofas-ar","7":"product_cat-sofa-and-seating-ar","9":"first","10":"instock","11":"shipping-taxable","12":"purchasable","13":"product-type-simple"},"_links":{"self":[{"href":"https:\/\/tmfurnitures.com\/ar\/wp-json\/wp\/v2\/product\/3705","targetHints":{"allow":["GET"]}}],"collection":[{"href":"https:\/\/tmfurnitures.com\/ar\/wp-json\/wp\/v2\/product"}],"about":[{"href":"https:\/\/tmfurnitures.com\/ar\/wp-json\/wp\/v2\/types\/product"}],"replies":[{"embeddable":true,"href":"https:\/\/tmfurnitures.com\/ar\/wp-json\/wp\/v2\/comments?post=3705"}],"wp:featuredmedia":[{"embeddable":true,"href":"https:\/\/tmfurnitures.com\/ar\/wp-json\/wp\/v2\/media\/3023"}],"wp:attachment":[{"href":"https:\/\/tmfurnitures.com\/ar\/wp-json\/wp\/v2\/media?parent=3705"}],"wp:term":[{"taxonomy":"product_brand","embeddable":true,"href":"https:\/\/tmfurnitures.com\/ar\/wp-json\/wp\/v2\/product_brand?post=3705"},{"taxonomy":"product_cat","embeddable":true,"href":"https:\/\/tmfurnitures.com\/ar\/wp-json\/wp\/v2\/product_cat?post=3705"},{"taxonomy":"product_tag","embeddable":true,"href":"https:\/\/tmfurnitures.com\/ar\/wp-json\/wp\/v2\/product_tag?post=3705"}],"curies":[{"name":"wp","href":"https:\/\/api.w.org\/{rel}","templated":true}]}}